{"id":992,"date":"2022-06-19T03:41:41","date_gmt":"2022-06-19T03:41:41","guid":{"rendered":"https:\/\/latinmediosca.com\/vape\/?page_id=992"},"modified":"2022-07-20T17:35:14","modified_gmt":"2022-07-20T17:35:14","slug":"noticias","status":"publish","type":"page","link":"https:\/\/grupovape.com\/en\/noticias\/","title":{"rendered":"News"},"content":{"rendered":"<div class=\"wp-block-cover alignfull is-position-center-center\" style=\"min-height:450px;aspect-ratio:unset;\"><span aria-hidden=\"true\" class=\"wp-block-cover__background has-ast-global-color-2-background-color has-background-dim-60 has-background-dim\"><\/span><img decoding=\"async\" class=\"wp-block-cover__image-background wp-image-1981\" alt=\"\" src=\"https:\/\/grupovape.com\/wp-content\/uploads\/2022\/07\/close-up-of-honeycomb_t20_Xzjj8r-scaled.jpg\" style=\"object-position:50% 50%\" data-object-fit=\"cover\" data-object-position=\"50% 50%\"\/><div class=\"wp-block-cover__inner-container is-layout-flow wp-block-cover-is-layout-flow\">\n<h1 class=\"has-text-align-center has-white-color has-text-color wp-block-heading\">News<\/h1>\n<\/div><\/div>\n\n\n\n<div style=\"height:100px\" aria-hidden=\"true\" class=\"wp-block-spacer\"><\/div>\n\n\n\n<div class=\"wp-block-group alignfull has-ast-global-color-5-background-color has-background is-layout-flow wp-block-group-is-layout-flow\"><div class=\"wp-block-group__inner-container\"><ul class=\"wp-block-latest-posts__list is-grid columns-4 aligncenter wp-block-latest-posts\"><li><div class=\"wp-block-latest-posts__featured-image\"><img fetchpriority=\"high\" decoding=\"async\" width=\"300\" height=\"169\" src=\"https:\/\/grupovape.com\/wp-content\/uploads\/2024\/06\/2024_ISO_20000_2018-300x169.png\" class=\"attachment-medium size-medium wp-post-image\" alt=\"Certificaci\u00f3n ISO 22000:2018\" style=\"\" srcset=\"https:\/\/grupovape.com\/wp-content\/uploads\/2024\/06\/2024_ISO_20000_2018-300x169.png 300w, https:\/\/grupovape.com\/wp-content\/uploads\/2024\/06\/2024_ISO_20000_2018-1024x576.png 1024w, https:\/\/grupovape.com\/wp-content\/uploads\/2024\/06\/2024_ISO_20000_2018-768x432.png 768w, https:\/\/grupovape.com\/wp-content\/uploads\/2024\/06\/2024_ISO_20000_2018-18x10.png 18w, https:\/\/grupovape.com\/wp-content\/uploads\/2024\/06\/2024_ISO_20000_2018.png 1366w\" sizes=\"(max-width: 300px) 100vw, 300px\" \/><\/div><a class=\"wp-block-latest-posts__post-title\" href=\"https:\/\/grupovape.com\/en\/2024\/06\/24\/certificacion-iso-220002018-renovada-por-segundo-ano-consecutivo\/\">ISO 22000:2018 Certification Renewed for the Second Consecutive Year<\/a><div class=\"wp-block-latest-posts__post-excerpt\">\u00a1Gran Noticia! Estamos emocionados de compartir que nuestro equipo ha logrado, por segundo a\u00f1o consecutivo, renovar la certificaci\u00f3n ISO 22000:2018 en\u2026 <a class=\"wp-block-latest-posts__read-more\" href=\"https:\/\/grupovape.com\/en\/2024\/06\/24\/certificacion-iso-220002018-renovada-por-segundo-ano-consecutivo\/\" rel=\"noopener noreferrer\">Read more<span class=\"screen-reader-text\">: Certificaci\u00f3n ISO 22000:2018 Renovada por Segundo A\u00f1o  Consecutivo<\/span><\/a><\/div><\/li>\n<li><div class=\"wp-block-latest-posts__featured-image\"><img decoding=\"async\" width=\"300\" height=\"150\" src=\"https:\/\/grupovape.com\/wp-content\/uploads\/2023\/08\/NoticiaAgosto2023-300x150.jpg\" class=\"attachment-medium size-medium wp-post-image\" alt=\"\" style=\"\" srcset=\"https:\/\/grupovape.com\/wp-content\/uploads\/2023\/08\/NoticiaAgosto2023-300x150.jpg 300w, https:\/\/grupovape.com\/wp-content\/uploads\/2023\/08\/NoticiaAgosto2023-1024x513.jpg 1024w, https:\/\/grupovape.com\/wp-content\/uploads\/2023\/08\/NoticiaAgosto2023-768x385.jpg 768w, https:\/\/grupovape.com\/wp-content\/uploads\/2023\/08\/NoticiaAgosto2023-18x9.jpg 18w, https:\/\/grupovape.com\/wp-content\/uploads\/2023\/08\/NoticiaAgosto2023.jpg 1414w\" sizes=\"(max-width: 300px) 100vw, 300px\" \/><\/div><a class=\"wp-block-latest-posts__post-title\" href=\"https:\/\/grupovape.com\/en\/2023\/08\/23\/vape-14-anos-consecutivos-de-certificacion-basc-y-40-anos-como-representantes-de-seaboard-en-el-salvador\/\">VA\u2022PE, 14 Consecutive years of BASC Certification and 40 Years as Seaboard Representatives in El Salvador.<\/a><div class=\"wp-block-latest-posts__post-excerpt\"><\/div><\/li>\n<li><div class=\"wp-block-latest-posts__featured-image\"><img decoding=\"async\" width=\"300\" height=\"126\" src=\"https:\/\/grupovape.com\/wp-content\/uploads\/2023\/04\/ASAC-AWARD-4-300x126.jpg\" class=\"attachment-medium size-medium wp-post-image\" alt=\"SEABOARD MARINE El Salvador\" style=\"\" srcset=\"https:\/\/grupovape.com\/wp-content\/uploads\/2023\/04\/ASAC-AWARD-4-300x126.jpg 300w, https:\/\/grupovape.com\/wp-content\/uploads\/2023\/04\/ASAC-AWARD-4-1024x431.jpg 1024w, https:\/\/grupovape.com\/wp-content\/uploads\/2023\/04\/ASAC-AWARD-4-768x323.jpg 768w, https:\/\/grupovape.com\/wp-content\/uploads\/2023\/04\/ASAC-AWARD-4-18x8.jpg 18w, https:\/\/grupovape.com\/wp-content\/uploads\/2023\/04\/ASAC-AWARD-4.jpg 1296w\" sizes=\"(max-width: 300px) 100vw, 300px\" \/><\/div><a class=\"wp-block-latest-posts__post-title\" href=\"https:\/\/grupovape.com\/en\/2023\/04\/25\/asac-nombra-a-seaboard-marine-como-la-mejor-linea-naviera-de-el-salvador\/\">ASAC Names Seaboard Marine as Best Shipping Line in El Salvador<\/a><div class=\"wp-block-latest-posts__post-excerpt\">Imagen de izquierda a derecha: Orlando Duran, coordinador de ventas junior; Angelica Rivas, coordinadora de ventas; Ana Diaz, ejecutiva de cuentas;\u2026 <a class=\"wp-block-latest-posts__read-more\" href=\"https:\/\/grupovape.com\/en\/2023\/04\/25\/asac-nombra-a-seaboard-marine-como-la-mejor-linea-naviera-de-el-salvador\/\" rel=\"noopener noreferrer\">Read more<span class=\"screen-reader-text\">: ASAC nombra a Seaboard Marine como la mejor l\u00ednea naviera de El Salvador<\/span><\/a><\/div><\/li>\n<li><div class=\"wp-block-latest-posts__featured-image\"><img loading=\"lazy\" decoding=\"async\" width=\"300\" height=\"75\" src=\"https:\/\/grupovape.com\/wp-content\/uploads\/2022\/08\/PLANTA_DE_MIEL_USAID-300x75.png\" class=\"attachment-medium size-medium wp-post-image\" alt=\"USAID EL SALVADOR\" style=\"\" srcset=\"https:\/\/grupovape.com\/wp-content\/uploads\/2022\/08\/PLANTA_DE_MIEL_USAID-300x75.png 300w, https:\/\/grupovape.com\/wp-content\/uploads\/2022\/08\/PLANTA_DE_MIEL_USAID-1024x256.png 1024w, https:\/\/grupovape.com\/wp-content\/uploads\/2022\/08\/PLANTA_DE_MIEL_USAID-768x192.png 768w, https:\/\/grupovape.com\/wp-content\/uploads\/2022\/08\/PLANTA_DE_MIEL_USAID-1536x384.png 1536w, https:\/\/grupovape.com\/wp-content\/uploads\/2022\/08\/PLANTA_DE_MIEL_USAID-18x5.png 18w, https:\/\/grupovape.com\/wp-content\/uploads\/2022\/08\/PLANTA_DE_MIEL_USAID.png 2000w\" sizes=\"(max-width: 300px) 100vw, 300px\" \/><\/div><a class=\"wp-block-latest-posts__post-title\" href=\"https:\/\/grupovape.com\/en\/2022\/08\/26\/remodelacion-e-inauguracion-de-planta-de-miel\/\">Inauguration of newly renovated Honey Plant<\/a><div class=\"wp-block-latest-posts__post-excerpt\">VAPE con el apoyo de USAID,&nbsp;fortaleciendo la cadena de valor ap\u00edcola en El Salvador a trav\u00e9s de la remodelaci\u00f3n de la\u2026 <a class=\"wp-block-latest-posts__read-more\" href=\"https:\/\/grupovape.com\/en\/2022\/08\/26\/remodelacion-e-inauguracion-de-planta-de-miel\/\" rel=\"noopener noreferrer\">Read more<span class=\"screen-reader-text\">: Remodelaci\u00f3n e inauguraci\u00f3n de planta de Miel<\/span><\/a><\/div><\/li>\n<\/ul>\n\n\n<p><\/p>\n<\/div><\/div>","protected":false},"excerpt":{"rendered":"","protected":false},"author":5,"featured_media":0,"parent":0,"menu_order":0,"comment_status":"closed","ping_status":"closed","template":"","meta":{"site-sidebar-layout":"no-sidebar","site-content-layout":"page-builder","ast-site-content-layout":"default","site-content-style":"default","site-sidebar-style":"default","ast-global-header-display":"","ast-banner-title-visibility":"","ast-main-header-display":"","ast-hfb-above-header-display":"","ast-hfb-below-header-display":"","ast-hfb-mobile-header-display":"","site-post-title":"disabled","ast-breadcrumbs-content":"","ast-featured-img":"disabled","footer-sml-layout":"","ast-disable-related-posts":"","theme-transparent-header-meta":"","adv-header-id-meta":"","stick-header-meta":"","header-above-stick-meta":"","header-main-stick-meta":"","header-below-stick-meta":"","astra-migrate-meta-layouts":"default","ast-page-background-enabled":"default","ast-page-background-meta":{"desktop":{"background-color":"","background-image":"","background-repeat":"repeat","background-position":"center center","background-size":"auto","background-attachment":"scroll","background-type":"","background-media":"","overlay-type":"","overlay-color":"","overlay-opacity":"","overlay-gradient":""},"tablet":{"background-color":"","background-image":"","background-repeat":"repeat","background-position":"center center","background-size":"auto","background-attachment":"scroll","background-type":"","background-media":"","overlay-type":"","overlay-color":"","overlay-opacity":"","overlay-gradient":""},"mobile":{"background-color":"","background-image":"","background-repeat":"repeat","background-position":"center center","background-size":"auto","background-attachment":"scroll","background-type":"","background-media":"","overlay-type":"","overlay-color":"","overlay-opacity":"","overlay-gradient":""}},"ast-content-background-meta":{"desktop":{"background-color":"var(--ast-global-color-5)","background-image":"","background-repeat":"repeat","background-position":"center center","background-size":"auto","background-attachment":"scroll","background-type":"","background-media":"","overlay-type":"","overlay-color":"","overlay-opacity":"","overlay-gradient":""},"tablet":{"background-color":"var(--ast-global-color-5)","background-image":"","background-repeat":"repeat","background-position":"center center","background-size":"auto","background-attachment":"scroll","background-type":"","background-media":"","overlay-type":"","overlay-color":"","overlay-opacity":"","overlay-gradient":""},"mobile":{"background-color":"var(--ast-global-color-5)","background-image":"","background-repeat":"repeat","background-position":"center center","background-size":"auto","background-attachment":"scroll","background-type":"","background-media":"","overlay-type":"","overlay-color":"","overlay-opacity":"","overlay-gradient":""}},"footnotes":""},"class_list":["post-992","page","type-page","status-publish","hentry"],"yoast_head":"<!-- This site is optimized with the Yoast SEO plugin v27.4 - https:\/\/yoast.com\/product\/yoast-seo-wordpress\/ -->\n<title>Noticias - Grupo VAPE El Salvador<\/title>\n<meta name=\"robots\" content=\"index, follow, max-snippet:-1, max-image-preview:large, max-video-preview:-1\" \/>\n<link rel=\"canonical\" href=\"https:\/\/grupovape.com\/en\/noticias\/\" \/>\n<meta property=\"og:locale\" content=\"en_US\" \/>\n<meta property=\"og:type\" content=\"article\" \/>\n<meta property=\"og:title\" content=\"Noticias - Grupo VAPE El Salvador\" \/>\n<meta property=\"og:url\" content=\"https:\/\/grupovape.com\/en\/noticias\/\" \/>\n<meta property=\"og:site_name\" content=\"Grupo VAPE El Salvador\" \/>\n<meta property=\"article:modified_time\" content=\"2022-07-20T17:35:14+00:00\" \/>\n<meta property=\"og:image\" content=\"https:\/\/grupovape.com\/wp-content\/uploads\/2022\/07\/close-up-of-honeycomb_t20_Xzjj8r-scaled.jpg\" \/>\n<meta name=\"twitter:card\" content=\"summary_large_image\" \/>\n<meta name=\"twitter:label1\" content=\"Est. reading time\" \/>\n\t<meta name=\"twitter:data1\" content=\"1 minute\" \/>\n<script type=\"application\/ld+json\" class=\"yoast-schema-graph\">{\"@context\":\"https:\\\/\\\/schema.org\",\"@graph\":[{\"@type\":\"WebPage\",\"@id\":\"https:\\\/\\\/grupovape.com\\\/noticias\\\/\",\"url\":\"https:\\\/\\\/grupovape.com\\\/noticias\\\/\",\"name\":\"Noticias - Grupo VAPE El Salvador\",\"isPartOf\":{\"@id\":\"https:\\\/\\\/grupovape.com\\\/#website\"},\"primaryImageOfPage\":{\"@id\":\"https:\\\/\\\/grupovape.com\\\/noticias\\\/#primaryimage\"},\"image\":{\"@id\":\"https:\\\/\\\/grupovape.com\\\/noticias\\\/#primaryimage\"},\"thumbnailUrl\":\"https:\\\/\\\/grupovape.com\\\/wp-content\\\/uploads\\\/2022\\\/07\\\/close-up-of-honeycomb_t20_Xzjj8r-scaled.jpg\",\"datePublished\":\"2022-06-19T03:41:41+00:00\",\"dateModified\":\"2022-07-20T17:35:14+00:00\",\"breadcrumb\":{\"@id\":\"https:\\\/\\\/grupovape.com\\\/noticias\\\/#breadcrumb\"},\"inLanguage\":\"en-US\",\"potentialAction\":[{\"@type\":\"ReadAction\",\"target\":[\"https:\\\/\\\/grupovape.com\\\/noticias\\\/\"]}]},{\"@type\":\"ImageObject\",\"inLanguage\":\"en-US\",\"@id\":\"https:\\\/\\\/grupovape.com\\\/noticias\\\/#primaryimage\",\"url\":\"https:\\\/\\\/grupovape.com\\\/wp-content\\\/uploads\\\/2022\\\/07\\\/close-up-of-honeycomb_t20_Xzjj8r-scaled.jpg\",\"contentUrl\":\"https:\\\/\\\/grupovape.com\\\/wp-content\\\/uploads\\\/2022\\\/07\\\/close-up-of-honeycomb_t20_Xzjj8r-scaled.jpg\"},{\"@type\":\"BreadcrumbList\",\"@id\":\"https:\\\/\\\/grupovape.com\\\/noticias\\\/#breadcrumb\",\"itemListElement\":[{\"@type\":\"ListItem\",\"position\":1,\"name\":\"Portada\",\"item\":\"https:\\\/\\\/grupovape.com\\\/\"},{\"@type\":\"ListItem\",\"position\":2,\"name\":\"Noticias\"}]},{\"@type\":\"WebSite\",\"@id\":\"https:\\\/\\\/grupovape.com\\\/#website\",\"url\":\"https:\\\/\\\/grupovape.com\\\/\",\"name\":\"Grupo VAPE El Salvador\",\"description\":\"\",\"publisher\":{\"@id\":\"https:\\\/\\\/grupovape.com\\\/#organization\"},\"potentialAction\":[{\"@type\":\"SearchAction\",\"target\":{\"@type\":\"EntryPoint\",\"urlTemplate\":\"https:\\\/\\\/grupovape.com\\\/?s={search_term_string}\"},\"query-input\":{\"@type\":\"PropertyValueSpecification\",\"valueRequired\":true,\"valueName\":\"search_term_string\"}}],\"inLanguage\":\"en-US\"},{\"@type\":\"Organization\",\"@id\":\"https:\\\/\\\/grupovape.com\\\/#organization\",\"name\":\"Grupo VAPE El Salvador\",\"url\":\"https:\\\/\\\/grupovape.com\\\/\",\"logo\":{\"@type\":\"ImageObject\",\"inLanguage\":\"en-US\",\"@id\":\"https:\\\/\\\/grupovape.com\\\/#\\\/schema\\\/logo\\\/image\\\/\",\"url\":\"https:\\\/\\\/grupovape.com\\\/wp-content\\\/uploads\\\/2022\\\/06\\\/LogoVAPElarge-1.png\",\"contentUrl\":\"https:\\\/\\\/grupovape.com\\\/wp-content\\\/uploads\\\/2022\\\/06\\\/LogoVAPElarge-1.png\",\"width\":170,\"height\":58,\"caption\":\"Grupo VAPE El Salvador\"},\"image\":{\"@id\":\"https:\\\/\\\/grupovape.com\\\/#\\\/schema\\\/logo\\\/image\\\/\"}}]}<\/script>\n<!-- \/ Yoast SEO plugin. -->","yoast_head_json":{"title":"Noticias - Grupo VAPE El Salvador","robots":{"index":"index","follow":"follow","max-snippet":"max-snippet:-1","max-image-preview":"max-image-preview:large","max-video-preview":"max-video-preview:-1"},"canonical":"https:\/\/grupovape.com\/en\/noticias\/","og_locale":"en_US","og_type":"article","og_title":"Noticias - Grupo VAPE El Salvador","og_url":"https:\/\/grupovape.com\/en\/noticias\/","og_site_name":"Grupo VAPE El Salvador","article_modified_time":"2022-07-20T17:35:14+00:00","og_image":[{"url":"https:\/\/grupovape.com\/wp-content\/uploads\/2022\/07\/close-up-of-honeycomb_t20_Xzjj8r-scaled.jpg","type":"","width":"","height":""}],"twitter_card":"summary_large_image","twitter_misc":{"Est. reading time":"1 minute"},"schema":{"@context":"https:\/\/schema.org","@graph":[{"@type":"WebPage","@id":"https:\/\/grupovape.com\/noticias\/","url":"https:\/\/grupovape.com\/noticias\/","name":"Noticias - Grupo VAPE El Salvador","isPartOf":{"@id":"https:\/\/grupovape.com\/#website"},"primaryImageOfPage":{"@id":"https:\/\/grupovape.com\/noticias\/#primaryimage"},"image":{"@id":"https:\/\/grupovape.com\/noticias\/#primaryimage"},"thumbnailUrl":"https:\/\/grupovape.com\/wp-content\/uploads\/2022\/07\/close-up-of-honeycomb_t20_Xzjj8r-scaled.jpg","datePublished":"2022-06-19T03:41:41+00:00","dateModified":"2022-07-20T17:35:14+00:00","breadcrumb":{"@id":"https:\/\/grupovape.com\/noticias\/#breadcrumb"},"inLanguage":"en-US","potentialAction":[{"@type":"ReadAction","target":["https:\/\/grupovape.com\/noticias\/"]}]},{"@type":"ImageObject","inLanguage":"en-US","@id":"https:\/\/grupovape.com\/noticias\/#primaryimage","url":"https:\/\/grupovape.com\/wp-content\/uploads\/2022\/07\/close-up-of-honeycomb_t20_Xzjj8r-scaled.jpg","contentUrl":"https:\/\/grupovape.com\/wp-content\/uploads\/2022\/07\/close-up-of-honeycomb_t20_Xzjj8r-scaled.jpg"},{"@type":"BreadcrumbList","@id":"https:\/\/grupovape.com\/noticias\/#breadcrumb","itemListElement":[{"@type":"ListItem","position":1,"name":"Portada","item":"https:\/\/grupovape.com\/"},{"@type":"ListItem","position":2,"name":"Noticias"}]},{"@type":"WebSite","@id":"https:\/\/grupovape.com\/#website","url":"https:\/\/grupovape.com\/","name":"Grupo VAPE El Salvador","description":"","publisher":{"@id":"https:\/\/grupovape.com\/#organization"},"potentialAction":[{"@type":"SearchAction","target":{"@type":"EntryPoint","urlTemplate":"https:\/\/grupovape.com\/?s={search_term_string}"},"query-input":{"@type":"PropertyValueSpecification","valueRequired":true,"valueName":"search_term_string"}}],"inLanguage":"en-US"},{"@type":"Organization","@id":"https:\/\/grupovape.com\/#organization","name":"Grupo VAPE El Salvador","url":"https:\/\/grupovape.com\/","logo":{"@type":"ImageObject","inLanguage":"en-US","@id":"https:\/\/grupovape.com\/#\/schema\/logo\/image\/","url":"https:\/\/grupovape.com\/wp-content\/uploads\/2022\/06\/LogoVAPElarge-1.png","contentUrl":"https:\/\/grupovape.com\/wp-content\/uploads\/2022\/06\/LogoVAPElarge-1.png","width":170,"height":58,"caption":"Grupo VAPE El Salvador"},"image":{"@id":"https:\/\/grupovape.com\/#\/schema\/logo\/image\/"}}]}},"_links":{"self":[{"href":"https:\/\/grupovape.com\/en\/wp-json\/wp\/v2\/pages\/992","targetHints":{"allow":["GET"]}}],"collection":[{"href":"https:\/\/grupovape.com\/en\/wp-json\/wp\/v2\/pages"}],"about":[{"href":"https:\/\/grupovape.com\/en\/wp-json\/wp\/v2\/types\/page"}],"author":[{"embeddable":true,"href":"https:\/\/grupovape.com\/en\/wp-json\/wp\/v2\/users\/5"}],"replies":[{"embeddable":true,"href":"https:\/\/grupovape.com\/en\/wp-json\/wp\/v2\/comments?post=992"}],"version-history":[{"count":16,"href":"https:\/\/grupovape.com\/en\/wp-json\/wp\/v2\/pages\/992\/revisions"}],"predecessor-version":[{"id":2145,"href":"https:\/\/grupovape.com\/en\/wp-json\/wp\/v2\/pages\/992\/revisions\/2145"}],"wp:attachment":[{"href":"https:\/\/grupovape.com\/en\/wp-json\/wp\/v2\/media?parent=992"}],"curies":[{"name":"wp","href":"https:\/\/api.w.org\/{rel}","templated":true}]}}