{"id":2300,"date":"2023-01-26T17:36:30","date_gmt":"2023-01-26T17:36:30","guid":{"rendered":"https:\/\/vapesv.com\/?page_id=2300"},"modified":"2026-04-14T08:22:34","modified_gmt":"2026-04-14T14:22:34","slug":"presentaciones-de-miel","status":"publish","type":"page","link":"https:\/\/grupovape.com\/en\/presentaciones-de-miel\/","title":{"rendered":"Presentaciones de Miel"},"content":{"rendered":"<div data-elementor-type=\"wp-page\" data-elementor-id=\"2300\" class=\"elementor elementor-2300\">\n\t\t\t\t\t\t<section class=\"elementor-section elementor-top-section elementor-element elementor-element-ad9abb3 elementor-section-boxed elementor-section-height-default elementor-section-height-default\" data-id=\"ad9abb3\" data-element_type=\"section\" data-e-type=\"section\">\n\t\t\t\t\t\t<div class=\"elementor-container elementor-column-gap-default\">\n\t\t\t\t\t<div class=\"elementor-column elementor-col-100 elementor-top-column elementor-element elementor-element-139682f\" data-id=\"139682f\" data-element_type=\"column\" data-e-type=\"column\">\n\t\t\t<div class=\"elementor-widget-wrap elementor-element-populated\">\n\t\t\t\t\t\t<div class=\"elementor-element elementor-element-c792775 elementor-widget elementor-widget-text-editor\" data-id=\"c792775\" data-element_type=\"widget\" data-e-type=\"widget\" data-widget_type=\"text-editor.default\">\n\t\t\t\t<div class=\"elementor-widget-container\">\n\t\t\t\t\t\t\t\t\t<h5>Welcome!<\/h5><h5 style=\"text-align: left;\">We are an agroindustrial company committed to the quality and safety of bee honey. We work with rigorous traceability systems and good management practices to guarantee them.<\/h5><h5 style=\"text-align: left;\">We offer different presentations of honey, either in detail or in bulk, according to what you need.<\/h5>\t\t\t\t\t\t\t\t<\/div>\n\t\t\t\t<\/div>\n\t\t\t\t\t<\/div>\n\t\t<\/div>\n\t\t\t\t\t<\/div>\n\t\t<\/section>\n\t\t\t\t<section class=\"elementor-section elementor-top-section elementor-element elementor-element-3382fbb elementor-section-boxed elementor-section-height-default elementor-section-height-default\" data-id=\"3382fbb\" data-element_type=\"section\" data-e-type=\"section\">\n\t\t\t\t\t\t<div class=\"elementor-container elementor-column-gap-default\">\n\t\t\t\t\t<div class=\"elementor-column elementor-col-100 elementor-top-column elementor-element elementor-element-089eee7\" data-id=\"089eee7\" data-element_type=\"column\" data-e-type=\"column\">\n\t\t\t<div class=\"elementor-widget-wrap elementor-element-populated\">\n\t\t\t\t\t\t<div class=\"elementor-element elementor-element-17c1df4 elementor-position-left elementor-vertical-align-top elementor-widget elementor-widget-image-box\" data-id=\"17c1df4\" data-element_type=\"widget\" data-e-type=\"widget\" data-widget_type=\"image-box.default\">\n\t\t\t\t<div class=\"elementor-widget-container\">\n\t\t\t\t\t<div class=\"elementor-image-box-wrapper\"><figure class=\"elementor-image-box-img\"><img fetchpriority=\"high\" decoding=\"async\" width=\"1200\" height=\"1200\" src=\"https:\/\/grupovape.com\/wp-content\/uploads\/2023\/02\/BIDON_MIEL.png\" class=\"attachment-full size-full wp-image-2325\" alt=\"MIEL DE ABEJAS EL SALVADOR\" srcset=\"https:\/\/grupovape.com\/wp-content\/uploads\/2023\/02\/BIDON_MIEL.png 1200w, https:\/\/grupovape.com\/wp-content\/uploads\/2023\/02\/BIDON_MIEL-300x300.png 300w, https:\/\/grupovape.com\/wp-content\/uploads\/2023\/02\/BIDON_MIEL-1024x1024.png 1024w, https:\/\/grupovape.com\/wp-content\/uploads\/2023\/02\/BIDON_MIEL-150x150.png 150w, https:\/\/grupovape.com\/wp-content\/uploads\/2023\/02\/BIDON_MIEL-768x768.png 768w, https:\/\/grupovape.com\/wp-content\/uploads\/2023\/02\/BIDON_MIEL-12x12.png 12w\" sizes=\"(max-width: 1200px) 100vw, 1200px\" \/><\/figure><div class=\"elementor-image-box-content\"><h3 class=\"elementor-image-box-title\">Bid\u00f3n de miel pura<\/h3><p class=\"elementor-image-box-description\">Precio: $115.00<br>\nweight: 25kg<\/p><\/div><\/div>\t\t\t\t<\/div>\n\t\t\t\t<\/div>\n\t\t\t\t\t<\/div>\n\t\t<\/div>\n\t\t\t\t\t<\/div>\n\t\t<\/section>\n\t\t\t\t<section class=\"elementor-section elementor-top-section elementor-element elementor-element-2ac26f7 elementor-section-boxed elementor-section-height-default elementor-section-height-default\" data-id=\"2ac26f7\" data-element_type=\"section\" data-e-type=\"section\">\n\t\t\t\t\t\t<div class=\"elementor-container elementor-column-gap-default\">\n\t\t\t\t\t<div class=\"elementor-column elementor-col-100 elementor-top-column elementor-element elementor-element-1a502a3\" data-id=\"1a502a3\" data-element_type=\"column\" data-e-type=\"column\">\n\t\t\t<div class=\"elementor-widget-wrap elementor-element-populated\">\n\t\t\t\t\t\t<div class=\"elementor-element elementor-element-f8a74c5 elementor-position-left elementor-vertical-align-top elementor-widget elementor-widget-image-box\" data-id=\"f8a74c5\" data-element_type=\"widget\" data-e-type=\"widget\" data-widget_type=\"image-box.default\">\n\t\t\t\t<div class=\"elementor-widget-container\">\n\t\t\t\t\t<div class=\"elementor-image-box-wrapper\"><figure class=\"elementor-image-box-img\"><img decoding=\"async\" width=\"1800\" height=\"1800\" src=\"https:\/\/grupovape.com\/wp-content\/uploads\/2023\/02\/GALON_MIEL.png\" class=\"attachment-full size-full wp-image-2323\" alt=\"MIEL DE ABEJAS EL SALVADOR\" srcset=\"https:\/\/grupovape.com\/wp-content\/uploads\/2023\/02\/GALON_MIEL.png 1800w, https:\/\/grupovape.com\/wp-content\/uploads\/2023\/02\/GALON_MIEL-300x300.png 300w, https:\/\/grupovape.com\/wp-content\/uploads\/2023\/02\/GALON_MIEL-1024x1024.png 1024w, https:\/\/grupovape.com\/wp-content\/uploads\/2023\/02\/GALON_MIEL-150x150.png 150w, https:\/\/grupovape.com\/wp-content\/uploads\/2023\/02\/GALON_MIEL-768x768.png 768w, https:\/\/grupovape.com\/wp-content\/uploads\/2023\/02\/GALON_MIEL-1536x1536.png 1536w, https:\/\/grupovape.com\/wp-content\/uploads\/2023\/02\/GALON_MIEL-12x12.png 12w\" sizes=\"(max-width: 1800px) 100vw, 1800px\" \/><\/figure><div class=\"elementor-image-box-content\"><h3 class=\"elementor-image-box-title\">Gal\u00f3n de miel pura<\/h3><p class=\"elementor-image-box-description\">Precio: $25.60<br>\nPeso: 5.40 kg<\/p><\/div><\/div>\t\t\t\t<\/div>\n\t\t\t\t<\/div>\n\t\t\t\t\t<\/div>\n\t\t<\/div>\n\t\t\t\t\t<\/div>\n\t\t<\/section>\n\t\t\t\t<section class=\"elementor-section elementor-top-section elementor-element elementor-element-c68c58b elementor-section-boxed elementor-section-height-default elementor-section-height-default\" data-id=\"c68c58b\" data-element_type=\"section\" data-e-type=\"section\">\n\t\t\t\t\t\t<div class=\"elementor-container elementor-column-gap-default\">\n\t\t\t\t\t<div class=\"elementor-column elementor-col-100 elementor-top-column elementor-element elementor-element-74327fd\" data-id=\"74327fd\" data-element_type=\"column\" data-e-type=\"column\">\n\t\t\t<div class=\"elementor-widget-wrap elementor-element-populated\">\n\t\t\t\t\t\t<div class=\"elementor-element elementor-element-c287aac elementor-position-left elementor-vertical-align-top elementor-widget elementor-widget-image-box\" data-id=\"c287aac\" data-element_type=\"widget\" data-e-type=\"widget\" data-widget_type=\"image-box.default\">\n\t\t\t\t<div class=\"elementor-widget-container\">\n\t\t\t\t\t<div class=\"elementor-image-box-wrapper\"><figure class=\"elementor-image-box-img\"><img decoding=\"async\" width=\"1800\" height=\"1800\" src=\"https:\/\/grupovape.com\/wp-content\/uploads\/2023\/02\/MEDIO_GALON_MIEL.png\" class=\"attachment-full size-full wp-image-2324\" alt=\"MIEL DE ABEJAS EL SALVADOR\" srcset=\"https:\/\/grupovape.com\/wp-content\/uploads\/2023\/02\/MEDIO_GALON_MIEL.png 1800w, https:\/\/grupovape.com\/wp-content\/uploads\/2023\/02\/MEDIO_GALON_MIEL-300x300.png 300w, https:\/\/grupovape.com\/wp-content\/uploads\/2023\/02\/MEDIO_GALON_MIEL-1024x1024.png 1024w, https:\/\/grupovape.com\/wp-content\/uploads\/2023\/02\/MEDIO_GALON_MIEL-150x150.png 150w, https:\/\/grupovape.com\/wp-content\/uploads\/2023\/02\/MEDIO_GALON_MIEL-768x768.png 768w, https:\/\/grupovape.com\/wp-content\/uploads\/2023\/02\/MEDIO_GALON_MIEL-1536x1536.png 1536w, https:\/\/grupovape.com\/wp-content\/uploads\/2023\/02\/MEDIO_GALON_MIEL-12x12.png 12w\" sizes=\"(max-width: 1800px) 100vw, 1800px\" \/><\/figure><div class=\"elementor-image-box-content\"><h3 class=\"elementor-image-box-title\">Medio gal\u00f3n de miel pura<\/h3><p class=\"elementor-image-box-description\">Precio: $13.20<br>\nPeso: 2.50 kg<\/p><\/div><\/div>\t\t\t\t<\/div>\n\t\t\t\t<\/div>\n\t\t\t\t\t<\/div>\n\t\t<\/div>\n\t\t\t\t\t<\/div>\n\t\t<\/section>\n\t\t\t\t<section class=\"elementor-section elementor-top-section elementor-element elementor-element-aeb3d0b elementor-section-boxed elementor-section-height-default elementor-section-height-default\" data-id=\"aeb3d0b\" data-element_type=\"section\" data-e-type=\"section\" data-settings=\"{&quot;background_background&quot;:&quot;classic&quot;}\">\n\t\t\t\t\t\t\t<div class=\"elementor-background-overlay\"><\/div>\n\t\t\t\t\t\t\t<div class=\"elementor-container elementor-column-gap-default\">\n\t\t\t\t\t<div class=\"elementor-column elementor-col-50 elementor-top-column elementor-element elementor-element-4b6631d\" data-id=\"4b6631d\" data-element_type=\"column\" data-e-type=\"column\">\n\t\t\t<div class=\"elementor-widget-wrap elementor-element-populated\">\n\t\t\t\t\t\t<div class=\"elementor-element elementor-element-9cb0e8f elementor-widget elementor-widget-heading\" data-id=\"9cb0e8f\" data-element_type=\"widget\" data-e-type=\"widget\" data-widget_type=\"heading.default\">\n\t\t\t\t<div class=\"elementor-widget-container\">\n\t\t\t\t\t<h3 class=\"elementor-heading-title elementor-size-default\">Contact us!<\/h3>\t\t\t\t<\/div>\n\t\t\t\t<\/div>\n\t\t\t\t<div class=\"elementor-element elementor-element-db7b3c1 elementor-widget elementor-widget-heading\" data-id=\"db7b3c1\" data-element_type=\"widget\" data-e-type=\"widget\" data-widget_type=\"heading.default\">\n\t\t\t\t<div class=\"elementor-widget-container\">\n\t\t\t\t\t<h1 class=\"elementor-heading-title elementor-size-default\">VA\u2022PE - Bee Honey<\/h1>\t\t\t\t<\/div>\n\t\t\t\t<\/div>\n\t\t\t\t<div class=\"elementor-element elementor-element-682dc1c elementor-widget elementor-widget-text-editor\" data-id=\"682dc1c\" data-element_type=\"widget\" data-e-type=\"widget\" data-widget_type=\"text-editor.default\">\n\t\t\t\t<div class=\"elementor-widget-container\">\n\t\t\t\t\t\t\t\t\t<p><span style=\"color: #ffffff;\">Open: 8:00 a.m. - 5:00 p.m.<\/span><\/p><p><span style=\"color: #ffffff;\">Eben-Ezer Building, Boulevard Sur, Santa Elena, Antiguo Cuscatl\u00e1n, La Libertad - El Salvador<\/span><\/p><p><span style=\"color: #ffffff;\">Email\u00a0<\/span><\/p><p><a style=\"font-style: inherit; font-weight: inherit; color: #ffffff;\" href=\"mailto:carlos_sosa@vape.com.sv\">carlos_sosa@vape.com.sv<\/a><\/p><p><span style=\"color: #ffffff;\"><a style=\"color: #ffffff;\" href=\"mailto:mercadeo@vape.com.sv\">mercadeo@vape.com.sv<\/a><\/span><\/p>\t\t\t\t\t\t\t\t<\/div>\n\t\t\t\t<\/div>\n\t\t\t\t\t<\/div>\n\t\t<\/div>\n\t\t\t\t<div class=\"elementor-column elementor-col-50 elementor-top-column elementor-element elementor-element-c124ab0\" data-id=\"c124ab0\" data-element_type=\"column\" data-e-type=\"column\">\n\t\t\t<div class=\"elementor-widget-wrap elementor-element-populated\">\n\t\t\t\t\t\t<section class=\"elementor-section elementor-inner-section elementor-element elementor-element-abff9f6 elementor-section-boxed elementor-section-height-default elementor-section-height-default\" data-id=\"abff9f6\" data-element_type=\"section\" data-e-type=\"section\">\n\t\t\t\t\t\t<div class=\"elementor-container elementor-column-gap-default\">\n\t\t\t\t\t<div class=\"elementor-column elementor-col-100 elementor-inner-column elementor-element elementor-element-9ab221e\" data-id=\"9ab221e\" data-element_type=\"column\" data-e-type=\"column\">\n\t\t\t<div class=\"elementor-widget-wrap elementor-element-populated\">\n\t\t\t\t\t\t<div class=\"elementor-element elementor-element-83b7076 elementor-view-default elementor-widget elementor-widget-icon\" data-id=\"83b7076\" data-element_type=\"widget\" data-e-type=\"widget\" data-widget_type=\"icon.default\">\n\t\t\t\t<div class=\"elementor-widget-container\">\n\t\t\t\t\t\t\t<div class=\"elementor-icon-wrapper\">\n\t\t\t<a class=\"elementor-icon\" href=\"https:\/\/wa.me\/50322487400\">\n\t\t\t<i aria-hidden=\"true\" class=\"fab fa-whatsapp\"><\/i>\t\t\t<\/a>\n\t\t<\/div>\n\t\t\t\t\t\t<\/div>\n\t\t\t\t<\/div>\n\t\t\t\t\t<\/div>\n\t\t<\/div>\n\t\t\t\t\t<\/div>\n\t\t<\/section>\n\t\t\t\t\t<\/div>\n\t\t<\/div>\n\t\t\t\t\t<\/div>\n\t\t<\/section>\n\t\t\t\t<\/div>","protected":false},"excerpt":{"rendered":"<p>\u00a1Bienvenido\/a! Somos una empresa agroindustrial comprometida con la calidad e inocuidad de la miel de abejas. Trabajamos con rigurosos sistemas de trazabilidad y buenas pr\u00e1cticas de manejo para garantizarlos. Ofrecemos diferentes presentaciones de miel al detalle o a granel, seg\u00fan lo que necesites. Bid\u00f3n de miel pura Precio: $115.00 Peso: 25 kg Gal\u00f3n de miel [&hellip;]<\/p>\n","protected":false},"author":5,"featured_media":0,"parent":0,"menu_order":0,"comment_status":"closed","ping_status":"closed","template":"","meta":{"site-sidebar-layout":"no-sidebar","site-content-layout":"page-builder","ast-site-content-layout":"default","site-content-style":"default","site-sidebar-style":"default","ast-global-header-display":"","ast-banner-title-visibility":"","ast-main-header-display":"","ast-hfb-above-header-display":"","ast-hfb-below-header-display":"","ast-hfb-mobile-header-display":"","site-post-title":"disabled","ast-breadcrumbs-content":"","ast-featured-img":"disabled","footer-sml-layout":"","ast-disable-related-posts":"","theme-transparent-header-meta":"","adv-header-id-meta":"","stick-header-meta":"","header-above-stick-meta":"","header-main-stick-meta":"","header-below-stick-meta":"","astra-migrate-meta-layouts":"default","ast-page-background-enabled":"default","ast-page-background-meta":{"desktop":{"background-color":"","background-image":"","background-repeat":"repeat","background-position":"center center","background-size":"auto","background-attachment":"scroll","background-type":"","background-media":"","overlay-type":"","overlay-color":"","overlay-opacity":"","overlay-gradient":""},"tablet":{"background-color":"","background-image":"","background-repeat":"repeat","background-position":"center center","background-size":"auto","background-attachment":"scroll","background-type":"","background-media":"","overlay-type":"","overlay-color":"","overlay-opacity":"","overlay-gradient":""},"mobile":{"background-color":"","background-image":"","background-repeat":"repeat","background-position":"center center","background-size":"auto","background-attachment":"scroll","background-type":"","background-media":"","overlay-type":"","overlay-color":"","overlay-opacity":"","overlay-gradient":""}},"ast-content-background-meta":{"desktop":{"background-color":"var(--ast-global-color-5)","background-image":"","background-repeat":"repeat","background-position":"center center","background-size":"auto","background-attachment":"scroll","background-type":"","background-media":"","overlay-type":"","overlay-color":"","overlay-opacity":"","overlay-gradient":""},"tablet":{"background-color":"var(--ast-global-color-5)","background-image":"","background-repeat":"repeat","background-position":"center center","background-size":"auto","background-attachment":"scroll","background-type":"","background-media":"","overlay-type":"","overlay-color":"","overlay-opacity":"","overlay-gradient":""},"mobile":{"background-color":"var(--ast-global-color-5)","background-image":"","background-repeat":"repeat","background-position":"center center","background-size":"auto","background-attachment":"scroll","background-type":"","background-media":"","overlay-type":"","overlay-color":"","overlay-opacity":"","overlay-gradient":""}},"footnotes":""},"class_list":["post-2300","page","type-page","status-publish","hentry"],"yoast_head":"<!-- This site is optimized with the Yoast SEO plugin v27.4 - https:\/\/yoast.com\/product\/yoast-seo-wordpress\/ -->\n<title>Presentaciones de Miel - Grupo VAPE El Salvador<\/title>\n<meta name=\"robots\" content=\"index, follow, max-snippet:-1, max-image-preview:large, max-video-preview:-1\" \/>\n<link rel=\"canonical\" href=\"https:\/\/grupovape.com\/en\/presentaciones-de-miel\/\" \/>\n<meta property=\"og:locale\" content=\"en_US\" \/>\n<meta property=\"og:type\" content=\"article\" \/>\n<meta property=\"og:title\" content=\"Presentaciones de Miel - Grupo VAPE El Salvador\" \/>\n<meta property=\"og:description\" content=\"\u00a1Bienvenido\/a! Somos una empresa agroindustrial comprometida con la calidad e inocuidad de la miel de abejas. Trabajamos con rigurosos sistemas de trazabilidad y buenas pr\u00e1cticas de manejo para garantizarlos. Ofrecemos diferentes presentaciones de miel al detalle o a granel, seg\u00fan lo que necesites. Bid\u00f3n de miel pura Precio: $115.00 Peso: 25 kg Gal\u00f3n de miel [&hellip;]\" \/>\n<meta property=\"og:url\" content=\"https:\/\/grupovape.com\/en\/presentaciones-de-miel\/\" \/>\n<meta property=\"og:site_name\" content=\"Grupo VAPE El Salvador\" \/>\n<meta property=\"article:modified_time\" content=\"2026-04-14T14:22:34+00:00\" \/>\n<meta property=\"og:image\" content=\"https:\/\/grupovape.com\/wp-content\/uploads\/2023\/02\/BIDON_MIEL.png\" \/>\n\t<meta property=\"og:image:width\" content=\"1200\" \/>\n\t<meta property=\"og:image:height\" content=\"1200\" \/>\n\t<meta property=\"og:image:type\" content=\"image\/png\" \/>\n<meta name=\"twitter:card\" content=\"summary_large_image\" \/>\n<meta name=\"twitter:label1\" content=\"Est. reading time\" \/>\n\t<meta name=\"twitter:data1\" content=\"2 minutes\" \/>\n<script type=\"application\/ld+json\" class=\"yoast-schema-graph\">{\"@context\":\"https:\\\/\\\/schema.org\",\"@graph\":[{\"@type\":\"WebPage\",\"@id\":\"https:\\\/\\\/grupovape.com\\\/presentaciones-de-miel\\\/\",\"url\":\"https:\\\/\\\/grupovape.com\\\/presentaciones-de-miel\\\/\",\"name\":\"Presentaciones de Miel - Grupo VAPE El Salvador\",\"isPartOf\":{\"@id\":\"https:\\\/\\\/grupovape.com\\\/#website\"},\"primaryImageOfPage\":{\"@id\":\"https:\\\/\\\/grupovape.com\\\/presentaciones-de-miel\\\/#primaryimage\"},\"image\":{\"@id\":\"https:\\\/\\\/grupovape.com\\\/presentaciones-de-miel\\\/#primaryimage\"},\"thumbnailUrl\":\"https:\\\/\\\/grupovape.com\\\/wp-content\\\/uploads\\\/2023\\\/02\\\/BIDON_MIEL.png\",\"datePublished\":\"2023-01-26T17:36:30+00:00\",\"dateModified\":\"2026-04-14T14:22:34+00:00\",\"breadcrumb\":{\"@id\":\"https:\\\/\\\/grupovape.com\\\/presentaciones-de-miel\\\/#breadcrumb\"},\"inLanguage\":\"en-US\",\"potentialAction\":[{\"@type\":\"ReadAction\",\"target\":[\"https:\\\/\\\/grupovape.com\\\/presentaciones-de-miel\\\/\"]}]},{\"@type\":\"ImageObject\",\"inLanguage\":\"en-US\",\"@id\":\"https:\\\/\\\/grupovape.com\\\/presentaciones-de-miel\\\/#primaryimage\",\"url\":\"https:\\\/\\\/grupovape.com\\\/wp-content\\\/uploads\\\/2023\\\/02\\\/BIDON_MIEL.png\",\"contentUrl\":\"https:\\\/\\\/grupovape.com\\\/wp-content\\\/uploads\\\/2023\\\/02\\\/BIDON_MIEL.png\"},{\"@type\":\"BreadcrumbList\",\"@id\":\"https:\\\/\\\/grupovape.com\\\/presentaciones-de-miel\\\/#breadcrumb\",\"itemListElement\":[{\"@type\":\"ListItem\",\"position\":1,\"name\":\"Portada\",\"item\":\"https:\\\/\\\/grupovape.com\\\/\"},{\"@type\":\"ListItem\",\"position\":2,\"name\":\"Presentaciones de Miel\"}]},{\"@type\":\"WebSite\",\"@id\":\"https:\\\/\\\/grupovape.com\\\/#website\",\"url\":\"https:\\\/\\\/grupovape.com\\\/\",\"name\":\"Grupo VAPE El Salvador\",\"description\":\"\",\"publisher\":{\"@id\":\"https:\\\/\\\/grupovape.com\\\/#organization\"},\"potentialAction\":[{\"@type\":\"SearchAction\",\"target\":{\"@type\":\"EntryPoint\",\"urlTemplate\":\"https:\\\/\\\/grupovape.com\\\/?s={search_term_string}\"},\"query-input\":{\"@type\":\"PropertyValueSpecification\",\"valueRequired\":true,\"valueName\":\"search_term_string\"}}],\"inLanguage\":\"en-US\"},{\"@type\":\"Organization\",\"@id\":\"https:\\\/\\\/grupovape.com\\\/#organization\",\"name\":\"Grupo VAPE El Salvador\",\"url\":\"https:\\\/\\\/grupovape.com\\\/\",\"logo\":{\"@type\":\"ImageObject\",\"inLanguage\":\"en-US\",\"@id\":\"https:\\\/\\\/grupovape.com\\\/#\\\/schema\\\/logo\\\/image\\\/\",\"url\":\"https:\\\/\\\/grupovape.com\\\/wp-content\\\/uploads\\\/2022\\\/06\\\/LogoVAPElarge-1.png\",\"contentUrl\":\"https:\\\/\\\/grupovape.com\\\/wp-content\\\/uploads\\\/2022\\\/06\\\/LogoVAPElarge-1.png\",\"width\":170,\"height\":58,\"caption\":\"Grupo VAPE El Salvador\"},\"image\":{\"@id\":\"https:\\\/\\\/grupovape.com\\\/#\\\/schema\\\/logo\\\/image\\\/\"}}]}<\/script>\n<!-- \/ Yoast SEO plugin. -->","yoast_head_json":{"title":"Presentaciones de Miel - Grupo VAPE El Salvador","robots":{"index":"index","follow":"follow","max-snippet":"max-snippet:-1","max-image-preview":"max-image-preview:large","max-video-preview":"max-video-preview:-1"},"canonical":"https:\/\/grupovape.com\/en\/presentaciones-de-miel\/","og_locale":"en_US","og_type":"article","og_title":"Presentaciones de Miel - Grupo VAPE El Salvador","og_description":"\u00a1Bienvenido\/a! Somos una empresa agroindustrial comprometida con la calidad e inocuidad de la miel de abejas. Trabajamos con rigurosos sistemas de trazabilidad y buenas pr\u00e1cticas de manejo para garantizarlos. Ofrecemos diferentes presentaciones de miel al detalle o a granel, seg\u00fan lo que necesites. Bid\u00f3n de miel pura Precio: $115.00 Peso: 25 kg Gal\u00f3n de miel [&hellip;]","og_url":"https:\/\/grupovape.com\/en\/presentaciones-de-miel\/","og_site_name":"Grupo VAPE El Salvador","article_modified_time":"2026-04-14T14:22:34+00:00","og_image":[{"width":1200,"height":1200,"url":"https:\/\/grupovape.com\/wp-content\/uploads\/2023\/02\/BIDON_MIEL.png","type":"image\/png"}],"twitter_card":"summary_large_image","twitter_misc":{"Est. reading time":"2 minutes"},"schema":{"@context":"https:\/\/schema.org","@graph":[{"@type":"WebPage","@id":"https:\/\/grupovape.com\/presentaciones-de-miel\/","url":"https:\/\/grupovape.com\/presentaciones-de-miel\/","name":"Presentaciones de Miel - Grupo VAPE El Salvador","isPartOf":{"@id":"https:\/\/grupovape.com\/#website"},"primaryImageOfPage":{"@id":"https:\/\/grupovape.com\/presentaciones-de-miel\/#primaryimage"},"image":{"@id":"https:\/\/grupovape.com\/presentaciones-de-miel\/#primaryimage"},"thumbnailUrl":"https:\/\/grupovape.com\/wp-content\/uploads\/2023\/02\/BIDON_MIEL.png","datePublished":"2023-01-26T17:36:30+00:00","dateModified":"2026-04-14T14:22:34+00:00","breadcrumb":{"@id":"https:\/\/grupovape.com\/presentaciones-de-miel\/#breadcrumb"},"inLanguage":"en-US","potentialAction":[{"@type":"ReadAction","target":["https:\/\/grupovape.com\/presentaciones-de-miel\/"]}]},{"@type":"ImageObject","inLanguage":"en-US","@id":"https:\/\/grupovape.com\/presentaciones-de-miel\/#primaryimage","url":"https:\/\/grupovape.com\/wp-content\/uploads\/2023\/02\/BIDON_MIEL.png","contentUrl":"https:\/\/grupovape.com\/wp-content\/uploads\/2023\/02\/BIDON_MIEL.png"},{"@type":"BreadcrumbList","@id":"https:\/\/grupovape.com\/presentaciones-de-miel\/#breadcrumb","itemListElement":[{"@type":"ListItem","position":1,"name":"Portada","item":"https:\/\/grupovape.com\/"},{"@type":"ListItem","position":2,"name":"Presentaciones de Miel"}]},{"@type":"WebSite","@id":"https:\/\/grupovape.com\/#website","url":"https:\/\/grupovape.com\/","name":"Grupo VAPE El Salvador","description":"","publisher":{"@id":"https:\/\/grupovape.com\/#organization"},"potentialAction":[{"@type":"SearchAction","target":{"@type":"EntryPoint","urlTemplate":"https:\/\/grupovape.com\/?s={search_term_string}"},"query-input":{"@type":"PropertyValueSpecification","valueRequired":true,"valueName":"search_term_string"}}],"inLanguage":"en-US"},{"@type":"Organization","@id":"https:\/\/grupovape.com\/#organization","name":"Grupo VAPE El Salvador","url":"https:\/\/grupovape.com\/","logo":{"@type":"ImageObject","inLanguage":"en-US","@id":"https:\/\/grupovape.com\/#\/schema\/logo\/image\/","url":"https:\/\/grupovape.com\/wp-content\/uploads\/2022\/06\/LogoVAPElarge-1.png","contentUrl":"https:\/\/grupovape.com\/wp-content\/uploads\/2022\/06\/LogoVAPElarge-1.png","width":170,"height":58,"caption":"Grupo VAPE El Salvador"},"image":{"@id":"https:\/\/grupovape.com\/#\/schema\/logo\/image\/"}}]}},"_links":{"self":[{"href":"https:\/\/grupovape.com\/en\/wp-json\/wp\/v2\/pages\/2300","targetHints":{"allow":["GET"]}}],"collection":[{"href":"https:\/\/grupovape.com\/en\/wp-json\/wp\/v2\/pages"}],"about":[{"href":"https:\/\/grupovape.com\/en\/wp-json\/wp\/v2\/types\/page"}],"author":[{"embeddable":true,"href":"https:\/\/grupovape.com\/en\/wp-json\/wp\/v2\/users\/5"}],"replies":[{"embeddable":true,"href":"https:\/\/grupovape.com\/en\/wp-json\/wp\/v2\/comments?post=2300"}],"version-history":[{"count":62,"href":"https:\/\/grupovape.com\/en\/wp-json\/wp\/v2\/pages\/2300\/revisions"}],"predecessor-version":[{"id":2715,"href":"https:\/\/grupovape.com\/en\/wp-json\/wp\/v2\/pages\/2300\/revisions\/2715"}],"wp:attachment":[{"href":"https:\/\/grupovape.com\/en\/wp-json\/wp\/v2\/media?parent=2300"}],"curies":[{"name":"wp","href":"https:\/\/api.w.org\/{rel}","templated":true}]}}